{"id":1201,"date":"2026-03-27T09:08:32","date_gmt":"2026-03-27T08:08:32","guid":{"rendered":"https:\/\/iloveburger.eu\/courbevoie\/?post_type=product&#038;p=1201"},"modified":"2026-03-27T09:08:35","modified_gmt":"2026-03-27T08:08:35","slug":"burger-brie-a-la-truffe-%f0%9f%96%a4","status":"publish","type":"product","link":"https:\/\/iloveburger.eu\/courbevoie\/produit\/burger-brie-a-la-truffe-%f0%9f%96%a4\/","title":{"rendered":"BURGER BRIE \u00c0 LA TRUFFE  \ud83d\udda4"},"content":{"rendered":"","protected":false},"excerpt":{"rendered":"<div class=\"_hh\">\n<div class=\"_bo _ek _bq _ds _hi _hj _bu\">Steak premium 150 g, brie de Meaux truff\u00e9, mayo truff\u00e9e, oignon caram\u00e9lis\u00e9, bacon. L&#8217;excellence en version romantique.<\/div>\n<\/div>\n","protected":false},"featured_media":1062,"comment_status":"closed","ping_status":"closed","template":"","meta":[],"product_brand":[],"product_cat":[17],"product_tag":[],"class_list":{"0":"post-1201","1":"product","2":"type-product","3":"status-publish","4":"has-post-thumbnail","6":"product_cat--burger-gourmet","7":"tm-no-options","9":"first","10":"instock","11":"shipping-taxable","12":"purchasable","13":"product-type-simple"},"_links":{"self":[{"href":"https:\/\/iloveburger.eu\/courbevoie\/wp-json\/wp\/v2\/product\/1201","targetHints":{"allow":["GET"]}}],"collection":[{"href":"https:\/\/iloveburger.eu\/courbevoie\/wp-json\/wp\/v2\/product"}],"about":[{"href":"https:\/\/iloveburger.eu\/courbevoie\/wp-json\/wp\/v2\/types\/product"}],"replies":[{"embeddable":true,"href":"https:\/\/iloveburger.eu\/courbevoie\/wp-json\/wp\/v2\/comments?post=1201"}],"wp:featuredmedia":[{"embeddable":true,"href":"https:\/\/iloveburger.eu\/courbevoie\/wp-json\/wp\/v2\/media\/1062"}],"wp:attachment":[{"href":"https:\/\/iloveburger.eu\/courbevoie\/wp-json\/wp\/v2\/media?parent=1201"}],"wp:term":[{"taxonomy":"product_brand","embeddable":true,"href":"https:\/\/iloveburger.eu\/courbevoie\/wp-json\/wp\/v2\/product_brand?post=1201"},{"taxonomy":"product_cat","embeddable":true,"href":"https:\/\/iloveburger.eu\/courbevoie\/wp-json\/wp\/v2\/product_cat?post=1201"},{"taxonomy":"product_tag","embeddable":true,"href":"https:\/\/iloveburger.eu\/courbevoie\/wp-json\/wp\/v2\/product_tag?post=1201"}],"curies":[{"name":"wp","href":"https:\/\/api.w.org\/{rel}","templated":true}]}}