{"id":1202,"date":"2026-03-27T09:08:32","date_gmt":"2026-03-27T08:08:32","guid":{"rendered":"https:\/\/iloveburger.eu\/courbevoie\/?post_type=product&#038;p=1202"},"modified":"2026-03-27T09:08:35","modified_gmt":"2026-03-27T08:08:35","slug":"tiramisu-speculoos-%f0%9f%a4%8e","status":"publish","type":"product","link":"https:\/\/iloveburger.eu\/courbevoie\/produit\/tiramisu-speculoos-%f0%9f%a4%8e\/","title":{"rendered":"TIRAMISU SPECULOOS  \ud83e\udd0e"},"content":{"rendered":"","protected":false},"excerpt":{"rendered":"<p>Mascarpone onctueux, caf\u00e9 intense, biscuits speculoos \u00e9miett\u00e9s cr\u00e9meuse et r\u00e9confortant, une \u00e9treinte gourmande aux saveurs chaleureuses.<\/p>\n","protected":false},"featured_media":1063,"comment_status":"closed","ping_status":"closed","template":"","meta":[],"product_brand":[],"product_cat":[29],"product_tag":[],"class_list":{"0":"post-1202","1":"product","2":"type-product","3":"status-publish","4":"has-post-thumbnail","6":"product_cat--desserts-milk-shakes","7":"tm-no-options","9":"first","10":"instock","11":"shipping-taxable","12":"purchasable","13":"product-type-simple"},"_links":{"self":[{"href":"https:\/\/iloveburger.eu\/courbevoie\/wp-json\/wp\/v2\/product\/1202","targetHints":{"allow":["GET"]}}],"collection":[{"href":"https:\/\/iloveburger.eu\/courbevoie\/wp-json\/wp\/v2\/product"}],"about":[{"href":"https:\/\/iloveburger.eu\/courbevoie\/wp-json\/wp\/v2\/types\/product"}],"replies":[{"embeddable":true,"href":"https:\/\/iloveburger.eu\/courbevoie\/wp-json\/wp\/v2\/comments?post=1202"}],"wp:featuredmedia":[{"embeddable":true,"href":"https:\/\/iloveburger.eu\/courbevoie\/wp-json\/wp\/v2\/media\/1063"}],"wp:attachment":[{"href":"https:\/\/iloveburger.eu\/courbevoie\/wp-json\/wp\/v2\/media?parent=1202"}],"wp:term":[{"taxonomy":"product_brand","embeddable":true,"href":"https:\/\/iloveburger.eu\/courbevoie\/wp-json\/wp\/v2\/product_brand?post=1202"},{"taxonomy":"product_cat","embeddable":true,"href":"https:\/\/iloveburger.eu\/courbevoie\/wp-json\/wp\/v2\/product_cat?post=1202"},{"taxonomy":"product_tag","embeddable":true,"href":"https:\/\/iloveburger.eu\/courbevoie\/wp-json\/wp\/v2\/product_tag?post=1202"}],"curies":[{"name":"wp","href":"https:\/\/api.w.org\/{rel}","templated":true}]}}