{"id":1207,"date":"2026-03-27T09:08:33","date_gmt":"2026-03-27T08:08:33","guid":{"rendered":"https:\/\/iloveburger.eu\/courbevoie\/?post_type=product&#038;p=1207"},"modified":"2026-03-27T09:08:36","modified_gmt":"2026-03-27T08:08:36","slug":"salade-cesar-%f0%9f%8c%b1","status":"publish","type":"product","link":"https:\/\/iloveburger.eu\/courbevoie\/produit\/salade-cesar-%f0%9f%8c%b1\/","title":{"rendered":"SALADE C\u00c9SAR \ud83c\udf31"},"content":{"rendered":"","protected":false},"excerpt":{"rendered":"<p>Salade romaine, \u00e9minc\u00e9 de poulet, parmigiano reggiano, tomates cerises et graines croquantes napp\u00e9es de sauce C\u00e9sar onctueuse Une balade gourmande entre tradition et pep\u2019s<\/p>\n","protected":false},"featured_media":1068,"comment_status":"closed","ping_status":"closed","template":"","meta":[],"product_brand":[],"product_cat":[19],"product_tag":[],"class_list":{"0":"post-1207","1":"product","2":"type-product","3":"status-publish","4":"has-post-thumbnail","6":"product_cat--starters","7":"tm-no-options","9":"first","10":"instock","11":"shipping-taxable","12":"purchasable","13":"product-type-simple"},"_links":{"self":[{"href":"https:\/\/iloveburger.eu\/courbevoie\/wp-json\/wp\/v2\/product\/1207","targetHints":{"allow":["GET"]}}],"collection":[{"href":"https:\/\/iloveburger.eu\/courbevoie\/wp-json\/wp\/v2\/product"}],"about":[{"href":"https:\/\/iloveburger.eu\/courbevoie\/wp-json\/wp\/v2\/types\/product"}],"replies":[{"embeddable":true,"href":"https:\/\/iloveburger.eu\/courbevoie\/wp-json\/wp\/v2\/comments?post=1207"}],"wp:featuredmedia":[{"embeddable":true,"href":"https:\/\/iloveburger.eu\/courbevoie\/wp-json\/wp\/v2\/media\/1068"}],"wp:attachment":[{"href":"https:\/\/iloveburger.eu\/courbevoie\/wp-json\/wp\/v2\/media?parent=1207"}],"wp:term":[{"taxonomy":"product_brand","embeddable":true,"href":"https:\/\/iloveburger.eu\/courbevoie\/wp-json\/wp\/v2\/product_brand?post=1207"},{"taxonomy":"product_cat","embeddable":true,"href":"https:\/\/iloveburger.eu\/courbevoie\/wp-json\/wp\/v2\/product_cat?post=1207"},{"taxonomy":"product_tag","embeddable":true,"href":"https:\/\/iloveburger.eu\/courbevoie\/wp-json\/wp\/v2\/product_tag?post=1207"}],"curies":[{"name":"wp","href":"https:\/\/api.w.org\/{rel}","templated":true}]}}