{"id":1226,"date":"2026-03-27T09:08:40","date_gmt":"2026-03-27T08:08:40","guid":{"rendered":"https:\/\/iloveburger.eu\/courbevoie\/?post_type=product&#038;p=1226"},"modified":"2026-03-27T09:08:42","modified_gmt":"2026-03-27T08:08:42","slug":"%f0%9f%a5%97-salade-fraicheur-qui-fait-du-bien","status":"publish","type":"product","link":"https:\/\/iloveburger.eu\/courbevoie\/produit\/%f0%9f%a5%97-salade-fraicheur-qui-fait-du-bien\/","title":{"rendered":"\ud83e\udd57 SALADE FRA\u00ceCHEUR QUI FAIT DU BIEN"},"content":{"rendered":"","protected":false},"excerpt":{"rendered":"<p>Feta cr\u00e9meuse, concombre croquant, tomate juteuse, huile d\u2019olive fra\u00eecheur pure, \u00e9quilibre parfait, pour une parenth\u00e8se l\u00e9g\u00e8re et vitamin\u00e9e.<\/p>\n","protected":false},"featured_media":1140,"comment_status":"closed","ping_status":"closed","template":"","meta":[],"product_brand":[],"product_cat":[21],"product_tag":[],"class_list":{"0":"post-1226","1":"product","2":"type-product","3":"status-publish","4":"has-post-thumbnail","6":"product_cat--accompagnements","7":"tm-no-options","9":"first","10":"instock","11":"shipping-taxable","12":"purchasable","13":"product-type-simple"},"_links":{"self":[{"href":"https:\/\/iloveburger.eu\/courbevoie\/wp-json\/wp\/v2\/product\/1226","targetHints":{"allow":["GET"]}}],"collection":[{"href":"https:\/\/iloveburger.eu\/courbevoie\/wp-json\/wp\/v2\/product"}],"about":[{"href":"https:\/\/iloveburger.eu\/courbevoie\/wp-json\/wp\/v2\/types\/product"}],"replies":[{"embeddable":true,"href":"https:\/\/iloveburger.eu\/courbevoie\/wp-json\/wp\/v2\/comments?post=1226"}],"wp:featuredmedia":[{"embeddable":true,"href":"https:\/\/iloveburger.eu\/courbevoie\/wp-json\/wp\/v2\/media\/1140"}],"wp:attachment":[{"href":"https:\/\/iloveburger.eu\/courbevoie\/wp-json\/wp\/v2\/media?parent=1226"}],"wp:term":[{"taxonomy":"product_brand","embeddable":true,"href":"https:\/\/iloveburger.eu\/courbevoie\/wp-json\/wp\/v2\/product_brand?post=1226"},{"taxonomy":"product_cat","embeddable":true,"href":"https:\/\/iloveburger.eu\/courbevoie\/wp-json\/wp\/v2\/product_cat?post=1226"},{"taxonomy":"product_tag","embeddable":true,"href":"https:\/\/iloveburger.eu\/courbevoie\/wp-json\/wp\/v2\/product_tag?post=1226"}],"curies":[{"name":"wp","href":"https:\/\/api.w.org\/{rel}","templated":true}]}}