{"id":1227,"date":"2026-03-27T09:08:40","date_gmt":"2026-03-27T08:08:40","guid":{"rendered":"https:\/\/iloveburger.eu\/courbevoie\/?post_type=product&#038;p=1227"},"modified":"2026-03-27T09:08:42","modified_gmt":"2026-03-27T08:08:42","slug":"%f0%9f%a7%85-onion-rings-x6","status":"publish","type":"product","link":"https:\/\/iloveburger.eu\/courbevoie\/produit\/%f0%9f%a7%85-onion-rings-x6\/","title":{"rendered":"\ud83e\uddc5 ONION RINGS X6"},"content":{"rendered":"","protected":false},"excerpt":{"rendered":"<p>Oignons croustillants, chapelure dor\u00e9e et \u00e9pices secr\u00e8tes pour un croquant irr\u00e9sistible<\/p>\n","protected":false},"featured_media":1141,"comment_status":"closed","ping_status":"closed","template":"","meta":[],"product_brand":[],"product_cat":[19],"product_tag":[],"class_list":{"0":"post-1227","1":"product","2":"type-product","3":"status-publish","4":"has-post-thumbnail","6":"product_cat--starters","7":"tm-no-options","9":"first","10":"instock","11":"shipping-taxable","12":"purchasable","13":"product-type-simple"},"_links":{"self":[{"href":"https:\/\/iloveburger.eu\/courbevoie\/wp-json\/wp\/v2\/product\/1227","targetHints":{"allow":["GET"]}}],"collection":[{"href":"https:\/\/iloveburger.eu\/courbevoie\/wp-json\/wp\/v2\/product"}],"about":[{"href":"https:\/\/iloveburger.eu\/courbevoie\/wp-json\/wp\/v2\/types\/product"}],"replies":[{"embeddable":true,"href":"https:\/\/iloveburger.eu\/courbevoie\/wp-json\/wp\/v2\/comments?post=1227"}],"wp:featuredmedia":[{"embeddable":true,"href":"https:\/\/iloveburger.eu\/courbevoie\/wp-json\/wp\/v2\/media\/1141"}],"wp:attachment":[{"href":"https:\/\/iloveburger.eu\/courbevoie\/wp-json\/wp\/v2\/media?parent=1227"}],"wp:term":[{"taxonomy":"product_brand","embeddable":true,"href":"https:\/\/iloveburger.eu\/courbevoie\/wp-json\/wp\/v2\/product_brand?post=1227"},{"taxonomy":"product_cat","embeddable":true,"href":"https:\/\/iloveburger.eu\/courbevoie\/wp-json\/wp\/v2\/product_cat?post=1227"},{"taxonomy":"product_tag","embeddable":true,"href":"https:\/\/iloveburger.eu\/courbevoie\/wp-json\/wp\/v2\/product_tag?post=1227"}],"curies":[{"name":"wp","href":"https:\/\/api.w.org\/{rel}","templated":true}]}}