{"id":1116,"date":"2026-01-28T13:34:59","date_gmt":"2026-01-28T12:34:59","guid":{"rendered":"https:\/\/iloveburger.eu\/paris\/?post_type=product&#038;p=1116"},"modified":"2026-02-20T09:45:53","modified_gmt":"2026-02-20T08:45:53","slug":"%f0%9f%94%a5-urgence-burger-chicken","status":"publish","type":"product","link":"https:\/\/iloveburger.eu\/paris\/produit\/%f0%9f%94%a5-urgence-burger-chicken\/","title":{"rendered":"\ud83d\udd25 2 burgers chicken pour 13,90\u20ac seulement \u2013 BURGER CHICKEN"},"content":{"rendered":"","protected":false},"excerpt":{"rendered":"<p>2 Burgers Chicken pour 13,90 \u20ac &#8211; Poulet frit fa\u00e7on Louisiane, cheddar fondant, salade croquante, pickles acidul\u00e9s et mayo Sriracha relev\u00e9e. Croustillant et tendre \u00e0 chaque bouch\u00e9e\u2026 Profitez vite de l\u2019offre 1 burger achet\u00e9 = 1 burger offert, disponible pour une dur\u00e9e limit\u00e9e.<\/p>\n","protected":false},"featured_media":1117,"template":"","meta":[],"product_brand":[],"product_cat":[17,18],"product_tag":[],"class_list":{"0":"post-1116","1":"product","2":"type-product","3":"status-publish","4":"has-post-thumbnail","6":"product_cat--burger-gourmet","7":"product_cat--best-sellers","8":"tm-has-options","10":"first","11":"instock","12":"shipping-taxable","13":"purchasable","14":"product-type-simple"},"_links":{"self":[{"href":"https:\/\/iloveburger.eu\/paris\/wp-json\/wp\/v2\/product\/1116","targetHints":{"allow":["GET"]}}],"collection":[{"href":"https:\/\/iloveburger.eu\/paris\/wp-json\/wp\/v2\/product"}],"about":[{"href":"https:\/\/iloveburger.eu\/paris\/wp-json\/wp\/v2\/types\/product"}],"wp:featuredmedia":[{"embeddable":true,"href":"https:\/\/iloveburger.eu\/paris\/wp-json\/wp\/v2\/media\/1117"}],"wp:attachment":[{"href":"https:\/\/iloveburger.eu\/paris\/wp-json\/wp\/v2\/media?parent=1116"}],"wp:term":[{"taxonomy":"product_brand","embeddable":true,"href":"https:\/\/iloveburger.eu\/paris\/wp-json\/wp\/v2\/product_brand?post=1116"},{"taxonomy":"product_cat","embeddable":true,"href":"https:\/\/iloveburger.eu\/paris\/wp-json\/wp\/v2\/product_cat?post=1116"},{"taxonomy":"product_tag","embeddable":true,"href":"https:\/\/iloveburger.eu\/paris\/wp-json\/wp\/v2\/product_tag?post=1116"}],"curies":[{"name":"wp","href":"https:\/\/api.w.org\/{rel}","templated":true}]}}