{"id":1119,"date":"2026-01-28T13:52:53","date_gmt":"2026-01-28T12:52:53","guid":{"rendered":"https:\/\/iloveburger.eu\/paris\/?post_type=product&#038;p=1119"},"modified":"2026-03-27T08:47:17","modified_gmt":"2026-03-27T07:47:17","slug":"%f0%9f%8e%88-frites-cheddar-ognion-caramelise","status":"publish","type":"product","link":"https:\/\/iloveburger.eu\/paris\/produit\/%f0%9f%8e%88-frites-cheddar-ognion-caramelise\/","title":{"rendered":"\ud83c\udf88  FRITES CHEDDAR OGNION CARAM\u00c9LIS\u00c9"},"content":{"rendered":"","protected":false},"excerpt":{"rendered":"<p>Frites maison, cheddar maison, oignons caram\u00e9lis\u00e9s Sucr\u00e9-sal\u00e9 \u00e9l\u00e9gant, parfum enivrant, pour une caresse gourmande.<\/p>\n","protected":false},"featured_media":1120,"template":"","meta":[],"product_brand":[],"product_cat":[23],"product_tag":[],"class_list":{"0":"post-1119","1":"product","2":"type-product","3":"status-publish","4":"has-post-thumbnail","6":"product_cat--accompagnements","7":"tm-has-options","9":"first","10":"instock","11":"shipping-taxable","12":"purchasable","13":"product-type-simple"},"_links":{"self":[{"href":"https:\/\/iloveburger.eu\/paris\/wp-json\/wp\/v2\/product\/1119","targetHints":{"allow":["GET"]}}],"collection":[{"href":"https:\/\/iloveburger.eu\/paris\/wp-json\/wp\/v2\/product"}],"about":[{"href":"https:\/\/iloveburger.eu\/paris\/wp-json\/wp\/v2\/types\/product"}],"wp:featuredmedia":[{"embeddable":true,"href":"https:\/\/iloveburger.eu\/paris\/wp-json\/wp\/v2\/media\/1120"}],"wp:attachment":[{"href":"https:\/\/iloveburger.eu\/paris\/wp-json\/wp\/v2\/media?parent=1119"}],"wp:term":[{"taxonomy":"product_brand","embeddable":true,"href":"https:\/\/iloveburger.eu\/paris\/wp-json\/wp\/v2\/product_brand?post=1119"},{"taxonomy":"product_cat","embeddable":true,"href":"https:\/\/iloveburger.eu\/paris\/wp-json\/wp\/v2\/product_cat?post=1119"},{"taxonomy":"product_tag","embeddable":true,"href":"https:\/\/iloveburger.eu\/paris\/wp-json\/wp\/v2\/product_tag?post=1119"}],"curies":[{"name":"wp","href":"https:\/\/api.w.org\/{rel}","templated":true}]}}