{"id":1121,"date":"2026-01-28T14:02:01","date_gmt":"2026-01-28T13:02:01","guid":{"rendered":"https:\/\/iloveburger.eu\/paris\/?post_type=product&#038;p=1121"},"modified":"2026-02-18T19:16:40","modified_gmt":"2026-02-18T18:16:40","slug":"%f0%9f%a5%93-smash-bacon","status":"publish","type":"product","link":"https:\/\/iloveburger.eu\/paris\/produit\/%f0%9f%a5%93-smash-bacon\/","title":{"rendered":"\ud83e\udd53 SMASH BACON"},"content":{"rendered":"","protected":false},"excerpt":{"rendered":"<p>Potato bun moelleux, bacon grill\u00e9 croustillant, viande smash\u00e9e, sauce am\u00e9ricaine. Une histoire fum\u00e9e qui te colle \u00e0 la peau. Crousti et passionn\u00e9.<\/p>\n","protected":false},"featured_media":1122,"template":"","meta":[],"product_brand":[],"product_cat":[16,18],"product_tag":[],"class_list":{"0":"post-1121","1":"product","2":"type-product","3":"status-publish","4":"has-post-thumbnail","6":"product_cat--smash-burger","7":"product_cat--best-sellers","8":"tm-has-options","10":"first","11":"instock","12":"shipping-taxable","13":"purchasable","14":"product-type-simple"},"_links":{"self":[{"href":"https:\/\/iloveburger.eu\/paris\/wp-json\/wp\/v2\/product\/1121","targetHints":{"allow":["GET"]}}],"collection":[{"href":"https:\/\/iloveburger.eu\/paris\/wp-json\/wp\/v2\/product"}],"about":[{"href":"https:\/\/iloveburger.eu\/paris\/wp-json\/wp\/v2\/types\/product"}],"wp:featuredmedia":[{"embeddable":true,"href":"https:\/\/iloveburger.eu\/paris\/wp-json\/wp\/v2\/media\/1122"}],"wp:attachment":[{"href":"https:\/\/iloveburger.eu\/paris\/wp-json\/wp\/v2\/media?parent=1121"}],"wp:term":[{"taxonomy":"product_brand","embeddable":true,"href":"https:\/\/iloveburger.eu\/paris\/wp-json\/wp\/v2\/product_brand?post=1121"},{"taxonomy":"product_cat","embeddable":true,"href":"https:\/\/iloveburger.eu\/paris\/wp-json\/wp\/v2\/product_cat?post=1121"},{"taxonomy":"product_tag","embeddable":true,"href":"https:\/\/iloveburger.eu\/paris\/wp-json\/wp\/v2\/product_tag?post=1121"}],"curies":[{"name":"wp","href":"https:\/\/api.w.org\/{rel}","templated":true}]}}