{"id":1123,"date":"2026-01-28T14:19:16","date_gmt":"2026-01-28T13:19:16","guid":{"rendered":"https:\/\/iloveburger.eu\/paris\/?post_type=product&#038;p=1123"},"modified":"2026-03-27T08:44:07","modified_gmt":"2026-03-27T07:44:07","slug":"%f0%9f%8d%94-triple-cheese-bacon","status":"publish","type":"product","link":"https:\/\/iloveburger.eu\/paris\/produit\/%f0%9f%8d%94-triple-cheese-bacon\/","title":{"rendered":"\ud83c\udf54 TRIPLE CHEESE BACON"},"content":{"rendered":"","protected":false},"excerpt":{"rendered":"<p>Steak premium 150 g, cheddar x3, bacon grill\u00e9, sauce am\u00e9ricaine, oignon crispy. Une vague de fromage fondant et de crousti-bacon qui fait battre ton c\u0153ur.<\/p>\n","protected":false},"featured_media":1124,"template":"","meta":[],"product_brand":[],"product_cat":[17,18],"product_tag":[],"class_list":{"0":"post-1123","1":"product","2":"type-product","3":"status-publish","4":"has-post-thumbnail","6":"product_cat--burger-gourmet","7":"product_cat--best-sellers","8":"tm-has-options","10":"first","11":"instock","12":"shipping-taxable","13":"purchasable","14":"product-type-simple"},"_links":{"self":[{"href":"https:\/\/iloveburger.eu\/paris\/wp-json\/wp\/v2\/product\/1123","targetHints":{"allow":["GET"]}}],"collection":[{"href":"https:\/\/iloveburger.eu\/paris\/wp-json\/wp\/v2\/product"}],"about":[{"href":"https:\/\/iloveburger.eu\/paris\/wp-json\/wp\/v2\/types\/product"}],"wp:featuredmedia":[{"embeddable":true,"href":"https:\/\/iloveburger.eu\/paris\/wp-json\/wp\/v2\/media\/1124"}],"wp:attachment":[{"href":"https:\/\/iloveburger.eu\/paris\/wp-json\/wp\/v2\/media?parent=1123"}],"wp:term":[{"taxonomy":"product_brand","embeddable":true,"href":"https:\/\/iloveburger.eu\/paris\/wp-json\/wp\/v2\/product_brand?post=1123"},{"taxonomy":"product_cat","embeddable":true,"href":"https:\/\/iloveburger.eu\/paris\/wp-json\/wp\/v2\/product_cat?post=1123"},{"taxonomy":"product_tag","embeddable":true,"href":"https:\/\/iloveburger.eu\/paris\/wp-json\/wp\/v2\/product_tag?post=1123"}],"curies":[{"name":"wp","href":"https:\/\/api.w.org\/{rel}","templated":true}]}}