{"id":1133,"date":"2026-01-28T15:19:51","date_gmt":"2026-01-28T14:19:51","guid":{"rendered":"https:\/\/iloveburger.eu\/paris\/?post_type=product&#038;p=1133"},"modified":"2026-01-28T15:20:19","modified_gmt":"2026-01-28T14:20:19","slug":"%f0%9f%a5%97-salade-fraicheur-qui-fait-du-bien","status":"publish","type":"product","link":"https:\/\/iloveburger.eu\/paris\/produit\/%f0%9f%a5%97-salade-fraicheur-qui-fait-du-bien\/","title":{"rendered":"\ud83e\udd57 SALADE FRA\u00ceCHEUR QUI FAIT DU BIEN"},"content":{"rendered":"","protected":false},"excerpt":{"rendered":"<p>Feta cr\u00e9meuse, concombre croquant, tomate juteuse, huile d\u2019olive fra\u00eecheur pure, \u00e9quilibre parfait, pour une parenth\u00e8se l\u00e9g\u00e8re et vitamin\u00e9e.<\/p>\n","protected":false},"featured_media":1139,"template":"","meta":[],"product_brand":[],"product_cat":[23],"product_tag":[],"class_list":{"0":"post-1133","1":"product","2":"type-product","3":"status-publish","4":"has-post-thumbnail","6":"product_cat--accompagnements","7":"tm-has-options","9":"first","10":"instock","11":"shipping-taxable","12":"purchasable","13":"product-type-simple"},"_links":{"self":[{"href":"https:\/\/iloveburger.eu\/paris\/wp-json\/wp\/v2\/product\/1133","targetHints":{"allow":["GET"]}}],"collection":[{"href":"https:\/\/iloveburger.eu\/paris\/wp-json\/wp\/v2\/product"}],"about":[{"href":"https:\/\/iloveburger.eu\/paris\/wp-json\/wp\/v2\/types\/product"}],"wp:featuredmedia":[{"embeddable":true,"href":"https:\/\/iloveburger.eu\/paris\/wp-json\/wp\/v2\/media\/1139"}],"wp:attachment":[{"href":"https:\/\/iloveburger.eu\/paris\/wp-json\/wp\/v2\/media?parent=1133"}],"wp:term":[{"taxonomy":"product_brand","embeddable":true,"href":"https:\/\/iloveburger.eu\/paris\/wp-json\/wp\/v2\/product_brand?post=1133"},{"taxonomy":"product_cat","embeddable":true,"href":"https:\/\/iloveburger.eu\/paris\/wp-json\/wp\/v2\/product_cat?post=1133"},{"taxonomy":"product_tag","embeddable":true,"href":"https:\/\/iloveburger.eu\/paris\/wp-json\/wp\/v2\/product_tag?post=1133"}],"curies":[{"name":"wp","href":"https:\/\/api.w.org\/{rel}","templated":true}]}}