{"id":1143,"date":"2026-01-28T15:40:42","date_gmt":"2026-01-28T14:40:42","guid":{"rendered":"https:\/\/iloveburger.eu\/paris\/?post_type=product&#038;p=1143"},"modified":"2026-02-18T20:46:33","modified_gmt":"2026-02-18T19:46:33","slug":"%f0%9f%8d%97-tenders-dores-x3","status":"publish","type":"product","link":"https:\/\/iloveburger.eu\/paris\/produit\/%f0%9f%8d%97-tenders-dores-x3\/","title":{"rendered":"\ud83c\udf57 TENDERS DOR\u00c9S X3"},"content":{"rendered":"","protected":false},"excerpt":{"rendered":"<p>Poulet marin\u00e9, chapelure croustillante, \u00e9pices secr\u00e8tes tendres et irr\u00e9sistibles, un coup de c\u0153ur croustillant qui r\u00e9chauffe l\u2019\u00e2me.<\/p>\n","protected":false},"featured_media":1147,"template":"","meta":[],"product_brand":[],"product_cat":[20],"product_tag":[],"class_list":{"0":"post-1143","1":"product","2":"type-product","3":"status-publish","4":"has-post-thumbnail","6":"product_cat--starters","7":"tm-has-options","9":"first","10":"instock","11":"shipping-taxable","12":"purchasable","13":"product-type-simple"},"_links":{"self":[{"href":"https:\/\/iloveburger.eu\/paris\/wp-json\/wp\/v2\/product\/1143","targetHints":{"allow":["GET"]}}],"collection":[{"href":"https:\/\/iloveburger.eu\/paris\/wp-json\/wp\/v2\/product"}],"about":[{"href":"https:\/\/iloveburger.eu\/paris\/wp-json\/wp\/v2\/types\/product"}],"wp:featuredmedia":[{"embeddable":true,"href":"https:\/\/iloveburger.eu\/paris\/wp-json\/wp\/v2\/media\/1147"}],"wp:attachment":[{"href":"https:\/\/iloveburger.eu\/paris\/wp-json\/wp\/v2\/media?parent=1143"}],"wp:term":[{"taxonomy":"product_brand","embeddable":true,"href":"https:\/\/iloveburger.eu\/paris\/wp-json\/wp\/v2\/product_brand?post=1143"},{"taxonomy":"product_cat","embeddable":true,"href":"https:\/\/iloveburger.eu\/paris\/wp-json\/wp\/v2\/product_cat?post=1143"},{"taxonomy":"product_tag","embeddable":true,"href":"https:\/\/iloveburger.eu\/paris\/wp-json\/wp\/v2\/product_tag?post=1143"}],"curies":[{"name":"wp","href":"https:\/\/api.w.org\/{rel}","templated":true}]}}