{"id":1148,"date":"2026-01-28T16:02:49","date_gmt":"2026-01-28T15:02:49","guid":{"rendered":"https:\/\/iloveburger.eu\/paris\/?post_type=product&#038;p=1148"},"modified":"2026-02-18T19:17:08","modified_gmt":"2026-02-18T18:17:08","slug":"%f0%9f%8c%b6%ef%b8%8f-smash-chorizo","status":"publish","type":"product","link":"https:\/\/iloveburger.eu\/paris\/produit\/%f0%9f%8c%b6%ef%b8%8f-smash-chorizo\/","title":{"rendered":"\ud83c\udf36\ufe0f SMASH CHORIZO"},"content":{"rendered":"","protected":false},"excerpt":{"rendered":"<p>Potato bun toast\u00e9, chorizo piquant x2, cheddar d\u00e9goulinant, viande smash\u00e9e, sauce BBQ intense. C&#8217;est chaud, c\u2019est smoky, c\u2019est presque ind\u00e9cent.<\/p>\n","protected":false},"featured_media":1150,"template":"","meta":[],"product_brand":[],"product_cat":[16],"product_tag":[],"class_list":{"0":"post-1148","1":"product","2":"type-product","3":"status-publish","4":"has-post-thumbnail","6":"product_cat--smash-burger","7":"tm-has-options","9":"first","10":"instock","11":"shipping-taxable","12":"purchasable","13":"product-type-simple"},"_links":{"self":[{"href":"https:\/\/iloveburger.eu\/paris\/wp-json\/wp\/v2\/product\/1148","targetHints":{"allow":["GET"]}}],"collection":[{"href":"https:\/\/iloveburger.eu\/paris\/wp-json\/wp\/v2\/product"}],"about":[{"href":"https:\/\/iloveburger.eu\/paris\/wp-json\/wp\/v2\/types\/product"}],"wp:featuredmedia":[{"embeddable":true,"href":"https:\/\/iloveburger.eu\/paris\/wp-json\/wp\/v2\/media\/1150"}],"wp:attachment":[{"href":"https:\/\/iloveburger.eu\/paris\/wp-json\/wp\/v2\/media?parent=1148"}],"wp:term":[{"taxonomy":"product_brand","embeddable":true,"href":"https:\/\/iloveburger.eu\/paris\/wp-json\/wp\/v2\/product_brand?post=1148"},{"taxonomy":"product_cat","embeddable":true,"href":"https:\/\/iloveburger.eu\/paris\/wp-json\/wp\/v2\/product_cat?post=1148"},{"taxonomy":"product_tag","embeddable":true,"href":"https:\/\/iloveburger.eu\/paris\/wp-json\/wp\/v2\/product_tag?post=1148"}],"curies":[{"name":"wp","href":"https:\/\/api.w.org\/{rel}","templated":true}]}}