{"id":1149,"date":"2026-01-28T16:10:41","date_gmt":"2026-01-28T15:10:41","guid":{"rendered":"https:\/\/iloveburger.eu\/paris\/?post_type=product&#038;p=1149"},"modified":"2026-02-18T19:17:46","modified_gmt":"2026-02-18T18:17:46","slug":"%f0%9f%96%a4-smash-truffe","status":"publish","type":"product","link":"https:\/\/iloveburger.eu\/paris\/produit\/%f0%9f%96%a4-smash-truffe\/","title":{"rendered":"\ud83d\udda4 SMASH TRUFFE"},"content":{"rendered":"","protected":false},"excerpt":{"rendered":"<div class=\"_hh\">\n<div class=\"_bo _ek _bq _ds _hi _hj _bu\">Potato bun chic, viande fondante, brie truff\u00e9, mayo truffe maison, oignon caram\u00e9lis\u00e9. Un amour de luxe, profond et parfum\u00e9. Le genre de plaisir qu\u2019on n\u2019oublie pas.<\/div>\n<\/div>\n","protected":false},"featured_media":1152,"template":"","meta":[],"product_brand":[],"product_cat":[16],"product_tag":[],"class_list":{"0":"post-1149","1":"product","2":"type-product","3":"status-publish","4":"has-post-thumbnail","6":"product_cat--smash-burger","7":"tm-has-options","9":"first","10":"instock","11":"shipping-taxable","12":"purchasable","13":"product-type-simple"},"_links":{"self":[{"href":"https:\/\/iloveburger.eu\/paris\/wp-json\/wp\/v2\/product\/1149","targetHints":{"allow":["GET"]}}],"collection":[{"href":"https:\/\/iloveburger.eu\/paris\/wp-json\/wp\/v2\/product"}],"about":[{"href":"https:\/\/iloveburger.eu\/paris\/wp-json\/wp\/v2\/types\/product"}],"wp:featuredmedia":[{"embeddable":true,"href":"https:\/\/iloveburger.eu\/paris\/wp-json\/wp\/v2\/media\/1152"}],"wp:attachment":[{"href":"https:\/\/iloveburger.eu\/paris\/wp-json\/wp\/v2\/media?parent=1149"}],"wp:term":[{"taxonomy":"product_brand","embeddable":true,"href":"https:\/\/iloveburger.eu\/paris\/wp-json\/wp\/v2\/product_brand?post=1149"},{"taxonomy":"product_cat","embeddable":true,"href":"https:\/\/iloveburger.eu\/paris\/wp-json\/wp\/v2\/product_cat?post=1149"},{"taxonomy":"product_tag","embeddable":true,"href":"https:\/\/iloveburger.eu\/paris\/wp-json\/wp\/v2\/product_tag?post=1149"}],"curies":[{"name":"wp","href":"https:\/\/api.w.org\/{rel}","templated":true}]}}