{"id":1159,"date":"2026-01-28T16:42:14","date_gmt":"2026-01-28T15:42:14","guid":{"rendered":"https:\/\/iloveburger.eu\/paris\/?post_type=product&#038;p=1159"},"modified":"2026-03-27T08:38:59","modified_gmt":"2026-03-27T07:38:59","slug":"%f0%9f%a5%93-burger-bacon","status":"publish","type":"product","link":"https:\/\/iloveburger.eu\/paris\/produit\/%f0%9f%a5%93-burger-bacon\/","title":{"rendered":"\ud83e\udd53 BURGER BACON"},"content":{"rendered":"","protected":false},"excerpt":{"rendered":"<p>Steak premium 150 g, bacon grill\u00e9, salade, tomate, oignon, cheddar, pickles, sauce au choix. Fum\u00e9, g\u00e9n\u00e9reux et irr\u00e9sistible, comme un vrai coup de c\u0153ur.<\/p>\n","protected":false},"featured_media":1165,"template":"","meta":[],"product_brand":[],"product_cat":[17],"product_tag":[],"class_list":{"0":"post-1159","1":"product","2":"type-product","3":"status-publish","4":"has-post-thumbnail","6":"product_cat--burger-gourmet","7":"tm-has-options","9":"first","10":"instock","11":"shipping-taxable","12":"purchasable","13":"product-type-simple"},"_links":{"self":[{"href":"https:\/\/iloveburger.eu\/paris\/wp-json\/wp\/v2\/product\/1159","targetHints":{"allow":["GET"]}}],"collection":[{"href":"https:\/\/iloveburger.eu\/paris\/wp-json\/wp\/v2\/product"}],"about":[{"href":"https:\/\/iloveburger.eu\/paris\/wp-json\/wp\/v2\/types\/product"}],"wp:featuredmedia":[{"embeddable":true,"href":"https:\/\/iloveburger.eu\/paris\/wp-json\/wp\/v2\/media\/1165"}],"wp:attachment":[{"href":"https:\/\/iloveburger.eu\/paris\/wp-json\/wp\/v2\/media?parent=1159"}],"wp:term":[{"taxonomy":"product_brand","embeddable":true,"href":"https:\/\/iloveburger.eu\/paris\/wp-json\/wp\/v2\/product_brand?post=1159"},{"taxonomy":"product_cat","embeddable":true,"href":"https:\/\/iloveburger.eu\/paris\/wp-json\/wp\/v2\/product_cat?post=1159"},{"taxonomy":"product_tag","embeddable":true,"href":"https:\/\/iloveburger.eu\/paris\/wp-json\/wp\/v2\/product_tag?post=1159"}],"curies":[{"name":"wp","href":"https:\/\/api.w.org\/{rel}","templated":true}]}}