{"id":1162,"date":"2026-01-28T17:07:47","date_gmt":"2026-01-28T16:07:47","guid":{"rendered":"https:\/\/iloveburger.eu\/paris\/?post_type=product&#038;p=1162"},"modified":"2026-03-27T08:41:00","modified_gmt":"2026-03-27T07:41:00","slug":"%f0%9f%8d%86-burger-so-fresh","status":"publish","type":"product","link":"https:\/\/iloveburger.eu\/paris\/produit\/%f0%9f%8d%86-burger-so-fresh\/","title":{"rendered":"\ud83c\udf46 BURGER SO FRESH"},"content":{"rendered":"","protected":false},"excerpt":{"rendered":"<p>Steak premium 150 g, aubergine grill\u00e9e, sauce tartare maison, oignon caram\u00e9lis\u00e9, salade, cheddar. Frais, fondant, inattendu\u2026 une histoire qui commence bien.<\/p>\n","protected":false},"featured_media":1170,"template":"","meta":[],"product_brand":[],"product_cat":[17],"product_tag":[],"class_list":{"0":"post-1162","1":"product","2":"type-product","3":"status-publish","4":"has-post-thumbnail","6":"product_cat--burger-gourmet","7":"tm-has-options","9":"first","10":"instock","11":"shipping-taxable","12":"purchasable","13":"product-type-simple"},"_links":{"self":[{"href":"https:\/\/iloveburger.eu\/paris\/wp-json\/wp\/v2\/product\/1162","targetHints":{"allow":["GET"]}}],"collection":[{"href":"https:\/\/iloveburger.eu\/paris\/wp-json\/wp\/v2\/product"}],"about":[{"href":"https:\/\/iloveburger.eu\/paris\/wp-json\/wp\/v2\/types\/product"}],"wp:featuredmedia":[{"embeddable":true,"href":"https:\/\/iloveburger.eu\/paris\/wp-json\/wp\/v2\/media\/1170"}],"wp:attachment":[{"href":"https:\/\/iloveburger.eu\/paris\/wp-json\/wp\/v2\/media?parent=1162"}],"wp:term":[{"taxonomy":"product_brand","embeddable":true,"href":"https:\/\/iloveburger.eu\/paris\/wp-json\/wp\/v2\/product_brand?post=1162"},{"taxonomy":"product_cat","embeddable":true,"href":"https:\/\/iloveburger.eu\/paris\/wp-json\/wp\/v2\/product_cat?post=1162"},{"taxonomy":"product_tag","embeddable":true,"href":"https:\/\/iloveburger.eu\/paris\/wp-json\/wp\/v2\/product_tag?post=1162"}],"curies":[{"name":"wp","href":"https:\/\/api.w.org\/{rel}","templated":true}]}}