{"id":1163,"date":"2026-01-28T17:12:50","date_gmt":"2026-01-28T16:12:50","guid":{"rendered":"https:\/\/iloveburger.eu\/paris\/?post_type=product&#038;p=1163"},"modified":"2026-03-27T08:38:38","modified_gmt":"2026-03-27T07:38:38","slug":"%f0%9f%94%b5-bleu-burger-gourmand","status":"publish","type":"product","link":"https:\/\/iloveburger.eu\/paris\/produit\/%f0%9f%94%b5-bleu-burger-gourmand\/","title":{"rendered":"\ud83d\udd35 BLEU BURGER GOURMAND"},"content":{"rendered":"","protected":false},"excerpt":{"rendered":"<p>Steak frais 150gr, miel d&#8217;acacias, bleu d\u2019Auvergne, oignons caram\u00e9lis\u00e9s, salade roquette, concass\u00e9 de noix et tomates grill\u00e9es. Steak premium 150 g, bleu d\u2019Auvergne, oignon caram\u00e9lis\u00e9, noix, miel. Sucr\u00e9, intense, surprenant. Un \u00e9quilibre parfait pour les plus sensibles.<\/p>\n","protected":false},"featured_media":1171,"template":"","meta":[],"product_brand":[],"product_cat":[17],"product_tag":[],"class_list":{"0":"post-1163","1":"product","2":"type-product","3":"status-publish","4":"has-post-thumbnail","6":"product_cat--burger-gourmet","7":"tm-has-options","9":"first","10":"instock","11":"shipping-taxable","12":"purchasable","13":"product-type-simple"},"_links":{"self":[{"href":"https:\/\/iloveburger.eu\/paris\/wp-json\/wp\/v2\/product\/1163","targetHints":{"allow":["GET"]}}],"collection":[{"href":"https:\/\/iloveburger.eu\/paris\/wp-json\/wp\/v2\/product"}],"about":[{"href":"https:\/\/iloveburger.eu\/paris\/wp-json\/wp\/v2\/types\/product"}],"wp:featuredmedia":[{"embeddable":true,"href":"https:\/\/iloveburger.eu\/paris\/wp-json\/wp\/v2\/media\/1171"}],"wp:attachment":[{"href":"https:\/\/iloveburger.eu\/paris\/wp-json\/wp\/v2\/media?parent=1163"}],"wp:term":[{"taxonomy":"product_brand","embeddable":true,"href":"https:\/\/iloveburger.eu\/paris\/wp-json\/wp\/v2\/product_brand?post=1163"},{"taxonomy":"product_cat","embeddable":true,"href":"https:\/\/iloveburger.eu\/paris\/wp-json\/wp\/v2\/product_cat?post=1163"},{"taxonomy":"product_tag","embeddable":true,"href":"https:\/\/iloveburger.eu\/paris\/wp-json\/wp\/v2\/product_tag?post=1163"}],"curies":[{"name":"wp","href":"https:\/\/api.w.org\/{rel}","templated":true}]}}