{"id":1174,"date":"2026-01-28T17:39:15","date_gmt":"2026-01-28T16:39:15","guid":{"rendered":"https:\/\/iloveburger.eu\/paris\/?post_type=product&#038;p=1174"},"modified":"2026-02-18T20:59:28","modified_gmt":"2026-02-18T19:59:28","slug":"%f0%9f%8d%97-poulet-aux-olives","status":"publish","type":"product","link":"https:\/\/iloveburger.eu\/paris\/produit\/%f0%9f%8d%97-poulet-aux-olives\/","title":{"rendered":"\ud83c\udf57 POULET AUX OLIVES"},"content":{"rendered":"","protected":false},"excerpt":{"rendered":"<p>\u00c9minc\u00e9 de poulet tendre, olives vertes parfum\u00e9es Un classique revisit\u00e9 avec soleil et caract\u00e8re Choisissez vos crudit\u00e9s et 2 sauces pour sublimer chaque bouch\u00e9e.<\/p>\n","protected":false},"featured_media":1179,"template":"","meta":[],"product_brand":[],"product_cat":[22],"product_tag":[],"class_list":{"0":"post-1174","1":"product","2":"type-product","3":"status-publish","4":"has-post-thumbnail","6":"product_cat--baguettes","7":"tm-has-options","9":"first","10":"instock","11":"shipping-taxable","12":"purchasable","13":"product-type-simple"},"_links":{"self":[{"href":"https:\/\/iloveburger.eu\/paris\/wp-json\/wp\/v2\/product\/1174","targetHints":{"allow":["GET"]}}],"collection":[{"href":"https:\/\/iloveburger.eu\/paris\/wp-json\/wp\/v2\/product"}],"about":[{"href":"https:\/\/iloveburger.eu\/paris\/wp-json\/wp\/v2\/types\/product"}],"wp:featuredmedia":[{"embeddable":true,"href":"https:\/\/iloveburger.eu\/paris\/wp-json\/wp\/v2\/media\/1179"}],"wp:attachment":[{"href":"https:\/\/iloveburger.eu\/paris\/wp-json\/wp\/v2\/media?parent=1174"}],"wp:term":[{"taxonomy":"product_brand","embeddable":true,"href":"https:\/\/iloveburger.eu\/paris\/wp-json\/wp\/v2\/product_brand?post=1174"},{"taxonomy":"product_cat","embeddable":true,"href":"https:\/\/iloveburger.eu\/paris\/wp-json\/wp\/v2\/product_cat?post=1174"},{"taxonomy":"product_tag","embeddable":true,"href":"https:\/\/iloveburger.eu\/paris\/wp-json\/wp\/v2\/product_tag?post=1174"}],"curies":[{"name":"wp","href":"https:\/\/api.w.org\/{rel}","templated":true}]}}