{"id":1182,"date":"2026-01-29T08:16:39","date_gmt":"2026-01-29T07:16:39","guid":{"rendered":"https:\/\/iloveburger.eu\/paris\/?post_type=product&#038;p=1182"},"modified":"2026-03-27T08:52:40","modified_gmt":"2026-03-27T07:52:40","slug":"%f0%9f%8d%83-the-glace","status":"publish","type":"product","link":"https:\/\/iloveburger.eu\/paris\/produit\/%f0%9f%8d%83-the-glace\/","title":{"rendered":"\ud83c\udf43 TH\u00c9 GLAC\u00c9"},"content":{"rendered":"","protected":false},"excerpt":{"rendered":"<p>Th\u00e9 infus\u00e9 glac\u00e9 aux notes citronn\u00e9es. Savourez chaque gorg\u00e9e estivale<\/p>\n","protected":false},"featured_media":1183,"template":"","meta":[],"product_brand":[],"product_cat":[21],"product_tag":[],"class_list":{"0":"post-1182","1":"product","2":"type-product","3":"status-publish","4":"has-post-thumbnail","6":"product_cat-boissons","7":"tm-has-options","9":"first","10":"instock","11":"shipping-taxable","12":"purchasable","13":"product-type-simple"},"_links":{"self":[{"href":"https:\/\/iloveburger.eu\/paris\/wp-json\/wp\/v2\/product\/1182","targetHints":{"allow":["GET"]}}],"collection":[{"href":"https:\/\/iloveburger.eu\/paris\/wp-json\/wp\/v2\/product"}],"about":[{"href":"https:\/\/iloveburger.eu\/paris\/wp-json\/wp\/v2\/types\/product"}],"wp:featuredmedia":[{"embeddable":true,"href":"https:\/\/iloveburger.eu\/paris\/wp-json\/wp\/v2\/media\/1183"}],"wp:attachment":[{"href":"https:\/\/iloveburger.eu\/paris\/wp-json\/wp\/v2\/media?parent=1182"}],"wp:term":[{"taxonomy":"product_brand","embeddable":true,"href":"https:\/\/iloveburger.eu\/paris\/wp-json\/wp\/v2\/product_brand?post=1182"},{"taxonomy":"product_cat","embeddable":true,"href":"https:\/\/iloveburger.eu\/paris\/wp-json\/wp\/v2\/product_cat?post=1182"},{"taxonomy":"product_tag","embeddable":true,"href":"https:\/\/iloveburger.eu\/paris\/wp-json\/wp\/v2\/product_tag?post=1182"}],"curies":[{"name":"wp","href":"https:\/\/api.w.org\/{rel}","templated":true}]}}