{"id":740,"date":"2025-07-17T17:49:44","date_gmt":"2025-07-17T15:49:44","guid":{"rendered":"https:\/\/iloveburger.eu\/paris\/?post_type=product&#038;p=740"},"modified":"2026-03-27T08:40:32","modified_gmt":"2026-03-27T07:40:32","slug":"%f0%9f%a5%93-bacon-heart","status":"publish","type":"product","link":"https:\/\/iloveburger.eu\/paris\/produit\/%f0%9f%a5%93-bacon-heart\/","title":{"rendered":"BURGER RACLETTE FONDANTE \ud83d\ude80"},"content":{"rendered":"","protected":false},"excerpt":{"rendered":"<p>Steak frais 150gr, deux tranches de poitrine fum\u00e9e, raclette, iceberg, oignons caram\u00e9lis\u00e9s et sauce mayo BBQ.<\/p>\n","protected":false},"featured_media":944,"template":"","meta":[],"product_brand":[],"product_cat":[17],"product_tag":[],"class_list":{"0":"post-740","1":"product","2":"type-product","3":"status-publish","4":"has-post-thumbnail","6":"product_cat--burger-gourmet","7":"tm-has-options","9":"first","10":"instock","11":"shipping-taxable","12":"purchasable","13":"product-type-simple"},"_links":{"self":[{"href":"https:\/\/iloveburger.eu\/paris\/wp-json\/wp\/v2\/product\/740","targetHints":{"allow":["GET"]}}],"collection":[{"href":"https:\/\/iloveburger.eu\/paris\/wp-json\/wp\/v2\/product"}],"about":[{"href":"https:\/\/iloveburger.eu\/paris\/wp-json\/wp\/v2\/types\/product"}],"wp:featuredmedia":[{"embeddable":true,"href":"https:\/\/iloveburger.eu\/paris\/wp-json\/wp\/v2\/media\/944"}],"wp:attachment":[{"href":"https:\/\/iloveburger.eu\/paris\/wp-json\/wp\/v2\/media?parent=740"}],"wp:term":[{"taxonomy":"product_brand","embeddable":true,"href":"https:\/\/iloveburger.eu\/paris\/wp-json\/wp\/v2\/product_brand?post=740"},{"taxonomy":"product_cat","embeddable":true,"href":"https:\/\/iloveburger.eu\/paris\/wp-json\/wp\/v2\/product_cat?post=740"},{"taxonomy":"product_tag","embeddable":true,"href":"https:\/\/iloveburger.eu\/paris\/wp-json\/wp\/v2\/product_tag?post=740"}],"curies":[{"name":"wp","href":"https:\/\/api.w.org\/{rel}","templated":true}]}}