{"id":752,"date":"2025-07-17T18:07:31","date_gmt":"2025-07-17T16:07:31","guid":{"rendered":"https:\/\/iloveburger.eu\/paris\/?post_type=product&#038;p=752"},"modified":"2026-03-27T08:39:23","modified_gmt":"2026-03-27T07:39:23","slug":"%f0%9f%8d%86-so-fresh-flirt","status":"publish","type":"product","link":"https:\/\/iloveburger.eu\/paris\/produit\/%f0%9f%8d%86-so-fresh-flirt\/","title":{"rendered":"BURGER BRIE \u00c0 LA TRUFFE  \ud83d\udda4"},"content":{"rendered":"","protected":false},"excerpt":{"rendered":"<div class=\"_hh\">\n<div class=\"_bo _ek _bq _ds _hi _hj _bu\">Steak premium 150 g, brie de Meaux truff\u00e9, mayo truff\u00e9e, oignon caram\u00e9lis\u00e9, bacon. L&#8217;excellence en version romantique.<\/div>\n<\/div>\n","protected":false},"featured_media":950,"template":"","meta":[],"product_brand":[],"product_cat":[17],"product_tag":[],"class_list":{"0":"post-752","1":"product","2":"type-product","3":"status-publish","4":"has-post-thumbnail","6":"product_cat--burger-gourmet","7":"tm-has-options","9":"first","10":"instock","11":"shipping-taxable","12":"purchasable","13":"product-type-simple"},"_links":{"self":[{"href":"https:\/\/iloveburger.eu\/paris\/wp-json\/wp\/v2\/product\/752","targetHints":{"allow":["GET"]}}],"collection":[{"href":"https:\/\/iloveburger.eu\/paris\/wp-json\/wp\/v2\/product"}],"about":[{"href":"https:\/\/iloveburger.eu\/paris\/wp-json\/wp\/v2\/types\/product"}],"wp:featuredmedia":[{"embeddable":true,"href":"https:\/\/iloveburger.eu\/paris\/wp-json\/wp\/v2\/media\/950"}],"wp:attachment":[{"href":"https:\/\/iloveburger.eu\/paris\/wp-json\/wp\/v2\/media?parent=752"}],"wp:term":[{"taxonomy":"product_brand","embeddable":true,"href":"https:\/\/iloveburger.eu\/paris\/wp-json\/wp\/v2\/product_brand?post=752"},{"taxonomy":"product_cat","embeddable":true,"href":"https:\/\/iloveburger.eu\/paris\/wp-json\/wp\/v2\/product_cat?post=752"},{"taxonomy":"product_tag","embeddable":true,"href":"https:\/\/iloveburger.eu\/paris\/wp-json\/wp\/v2\/product_tag?post=752"}],"curies":[{"name":"wp","href":"https:\/\/api.w.org\/{rel}","templated":true}]}}