{"id":754,"date":"2025-07-17T18:08:30","date_gmt":"2025-07-17T16:08:30","guid":{"rendered":"https:\/\/iloveburger.eu\/paris\/?post_type=product&#038;p=754"},"modified":"2026-02-18T20:52:53","modified_gmt":"2026-02-18T19:52:53","slug":"%f0%9f%8c%b6%ef%b8%8f-chorizo-flame","status":"publish","type":"product","link":"https:\/\/iloveburger.eu\/paris\/produit\/%f0%9f%8c%b6%ef%b8%8f-chorizo-flame\/","title":{"rendered":"TIRAMISU SPECULOOS  \ud83e\udd0e"},"content":{"rendered":"","protected":false},"excerpt":{"rendered":"<p>Mascarpone onctueux, caf\u00e9 intense, biscuits speculoos \u00e9miett\u00e9s cr\u00e9meuse et r\u00e9confortant, une \u00e9treinte gourmande aux saveurs chaleureuses.<\/p>\n","protected":false},"featured_media":951,"template":"","meta":[],"product_brand":[],"product_cat":[19],"product_tag":[],"class_list":{"0":"post-754","1":"product","2":"type-product","3":"status-publish","4":"has-post-thumbnail","6":"product_cat--douceurs-passion","7":"tm-no-options","9":"first","10":"instock","11":"shipping-taxable","12":"purchasable","13":"product-type-simple"},"_links":{"self":[{"href":"https:\/\/iloveburger.eu\/paris\/wp-json\/wp\/v2\/product\/754","targetHints":{"allow":["GET"]}}],"collection":[{"href":"https:\/\/iloveburger.eu\/paris\/wp-json\/wp\/v2\/product"}],"about":[{"href":"https:\/\/iloveburger.eu\/paris\/wp-json\/wp\/v2\/types\/product"}],"wp:featuredmedia":[{"embeddable":true,"href":"https:\/\/iloveburger.eu\/paris\/wp-json\/wp\/v2\/media\/951"}],"wp:attachment":[{"href":"https:\/\/iloveburger.eu\/paris\/wp-json\/wp\/v2\/media?parent=754"}],"wp:term":[{"taxonomy":"product_brand","embeddable":true,"href":"https:\/\/iloveburger.eu\/paris\/wp-json\/wp\/v2\/product_brand?post=754"},{"taxonomy":"product_cat","embeddable":true,"href":"https:\/\/iloveburger.eu\/paris\/wp-json\/wp\/v2\/product_cat?post=754"},{"taxonomy":"product_tag","embeddable":true,"href":"https:\/\/iloveburger.eu\/paris\/wp-json\/wp\/v2\/product_tag?post=754"}],"curies":[{"name":"wp","href":"https:\/\/api.w.org\/{rel}","templated":true}]}}