{"id":756,"date":"2025-07-17T18:10:39","date_gmt":"2025-07-17T16:10:39","guid":{"rendered":"https:\/\/iloveburger.eu\/paris\/?post_type=product&#038;p=756"},"modified":"2026-02-18T20:52:47","modified_gmt":"2026-02-18T19:52:47","slug":"tiramisu-oreo-maison","status":"publish","type":"product","link":"https:\/\/iloveburger.eu\/paris\/produit\/tiramisu-oreo-maison\/","title":{"rendered":"TIRAMISU FRAISE-FRAMBOISE \ud83c\udf53"},"content":{"rendered":"","protected":false},"excerpt":{"rendered":"<p>Mascarpone a\u00e9rien, coulis de fraise-framboise maison, biscuits tremp\u00e9s fra\u00eecheur fruit\u00e9e et douceur cr\u00e9meuse, pour un baiser sucr\u00e9 qui fait vibrer les sens.<\/p>\n","protected":false},"featured_media":952,"template":"","meta":[],"product_brand":[],"product_cat":[19],"product_tag":[],"class_list":{"0":"post-756","1":"product","2":"type-product","3":"status-publish","4":"has-post-thumbnail","6":"product_cat--douceurs-passion","7":"tm-no-options","9":"first","10":"instock","11":"shipping-taxable","12":"purchasable","13":"product-type-simple"},"_links":{"self":[{"href":"https:\/\/iloveburger.eu\/paris\/wp-json\/wp\/v2\/product\/756","targetHints":{"allow":["GET"]}}],"collection":[{"href":"https:\/\/iloveburger.eu\/paris\/wp-json\/wp\/v2\/product"}],"about":[{"href":"https:\/\/iloveburger.eu\/paris\/wp-json\/wp\/v2\/types\/product"}],"wp:featuredmedia":[{"embeddable":true,"href":"https:\/\/iloveburger.eu\/paris\/wp-json\/wp\/v2\/media\/952"}],"wp:attachment":[{"href":"https:\/\/iloveburger.eu\/paris\/wp-json\/wp\/v2\/media?parent=756"}],"wp:term":[{"taxonomy":"product_brand","embeddable":true,"href":"https:\/\/iloveburger.eu\/paris\/wp-json\/wp\/v2\/product_brand?post=756"},{"taxonomy":"product_cat","embeddable":true,"href":"https:\/\/iloveburger.eu\/paris\/wp-json\/wp\/v2\/product_cat?post=756"},{"taxonomy":"product_tag","embeddable":true,"href":"https:\/\/iloveburger.eu\/paris\/wp-json\/wp\/v2\/product_tag?post=756"}],"curies":[{"name":"wp","href":"https:\/\/api.w.org\/{rel}","templated":true}]}}