{"id":758,"date":"2025-07-17T18:12:03","date_gmt":"2025-07-17T16:12:03","guid":{"rendered":"https:\/\/iloveburger.eu\/paris\/?post_type=product&#038;p=758"},"modified":"2026-03-27T08:55:22","modified_gmt":"2026-03-27T07:55:22","slug":"tenders","status":"publish","type":"product","link":"https:\/\/iloveburger.eu\/paris\/produit\/tenders\/","title":{"rendered":"SPRITE \ud83d\udc9a"},"content":{"rendered":"<p>Soda citron-lime vif et l\u00e9ger Osez la fra\u00eecheur \u00e9clatante &#8211; 33cl<\/p>\n","protected":false},"excerpt":{"rendered":"<p>Soda citron-lime vif et l\u00e9ger Osez la fra\u00eecheur \u00e9clatante &#8211; 33cl<\/p>\n","protected":false},"featured_media":953,"template":"","meta":[],"product_brand":[],"product_cat":[21],"product_tag":[],"class_list":{"0":"post-758","1":"product","2":"type-product","3":"status-publish","4":"has-post-thumbnail","6":"product_cat-boissons","7":"tm-has-options","9":"first","10":"instock","11":"shipping-taxable","12":"purchasable","13":"product-type-simple"},"_links":{"self":[{"href":"https:\/\/iloveburger.eu\/paris\/wp-json\/wp\/v2\/product\/758","targetHints":{"allow":["GET"]}}],"collection":[{"href":"https:\/\/iloveburger.eu\/paris\/wp-json\/wp\/v2\/product"}],"about":[{"href":"https:\/\/iloveburger.eu\/paris\/wp-json\/wp\/v2\/types\/product"}],"wp:featuredmedia":[{"embeddable":true,"href":"https:\/\/iloveburger.eu\/paris\/wp-json\/wp\/v2\/media\/953"}],"wp:attachment":[{"href":"https:\/\/iloveburger.eu\/paris\/wp-json\/wp\/v2\/media?parent=758"}],"wp:term":[{"taxonomy":"product_brand","embeddable":true,"href":"https:\/\/iloveburger.eu\/paris\/wp-json\/wp\/v2\/product_brand?post=758"},{"taxonomy":"product_cat","embeddable":true,"href":"https:\/\/iloveburger.eu\/paris\/wp-json\/wp\/v2\/product_cat?post=758"},{"taxonomy":"product_tag","embeddable":true,"href":"https:\/\/iloveburger.eu\/paris\/wp-json\/wp\/v2\/product_tag?post=758"}],"curies":[{"name":"wp","href":"https:\/\/api.w.org\/{rel}","templated":true}]}}