{"id":764,"date":"2025-07-17T18:18:01","date_gmt":"2025-07-17T16:18:01","guid":{"rendered":"https:\/\/iloveburger.eu\/paris\/?post_type=product&#038;p=764"},"modified":"2026-01-28T15:34:48","modified_gmt":"2026-01-28T14:34:48","slug":"salade-d-accompagnement","status":"publish","type":"product","link":"https:\/\/iloveburger.eu\/paris\/produit\/salade-d-accompagnement\/","title":{"rendered":"SALADE C\u00c9SAR \ud83c\udf31"},"content":{"rendered":"","protected":false},"excerpt":{"rendered":"<p>Salade romaine, \u00e9minc\u00e9 de poulet, parmigiano reggiano, tomates cerises et graines croquantes napp\u00e9es de sauce C\u00e9sar onctueuse Une balade gourmande entre tradition et pep\u2019s<\/p>\n","protected":false},"featured_media":956,"template":"","meta":[],"product_brand":[],"product_cat":[20],"product_tag":[],"class_list":{"0":"post-764","1":"product","2":"type-product","3":"status-publish","4":"has-post-thumbnail","6":"product_cat--starters","7":"tm-has-options","9":"first","10":"instock","11":"shipping-taxable","12":"purchasable","13":"product-type-simple"},"_links":{"self":[{"href":"https:\/\/iloveburger.eu\/paris\/wp-json\/wp\/v2\/product\/764","targetHints":{"allow":["GET"]}}],"collection":[{"href":"https:\/\/iloveburger.eu\/paris\/wp-json\/wp\/v2\/product"}],"about":[{"href":"https:\/\/iloveburger.eu\/paris\/wp-json\/wp\/v2\/types\/product"}],"wp:featuredmedia":[{"embeddable":true,"href":"https:\/\/iloveburger.eu\/paris\/wp-json\/wp\/v2\/media\/956"}],"wp:attachment":[{"href":"https:\/\/iloveburger.eu\/paris\/wp-json\/wp\/v2\/media?parent=764"}],"wp:term":[{"taxonomy":"product_brand","embeddable":true,"href":"https:\/\/iloveburger.eu\/paris\/wp-json\/wp\/v2\/product_brand?post=764"},{"taxonomy":"product_cat","embeddable":true,"href":"https:\/\/iloveburger.eu\/paris\/wp-json\/wp\/v2\/product_cat?post=764"},{"taxonomy":"product_tag","embeddable":true,"href":"https:\/\/iloveburger.eu\/paris\/wp-json\/wp\/v2\/product_tag?post=764"}],"curies":[{"name":"wp","href":"https:\/\/api.w.org\/{rel}","templated":true}]}}