{"id":768,"date":"2025-07-17T18:21:03","date_gmt":"2025-07-17T16:21:03","guid":{"rendered":"https:\/\/iloveburger.eu\/paris\/?post_type=product&#038;p=768"},"modified":"2026-03-27T08:44:55","modified_gmt":"2026-03-27T07:44:55","slug":"oignon-rings","status":"publish","type":"product","link":"https:\/\/iloveburger.eu\/paris\/produit\/oignon-rings\/","title":{"rendered":"STICKS MOZZARELLA X4 \ud83e\uddc0"},"content":{"rendered":"","protected":false},"excerpt":{"rendered":"<p>Mozzarella fondante, chapelure dor\u00e9e, herbes aromatiques fromage coulant \u00e0 chaque bouch\u00e9e, la tentation gourmande qui unit les c\u0153urs.<\/p>\n","protected":false},"featured_media":958,"template":"","meta":[],"product_brand":[],"product_cat":[20],"product_tag":[],"class_list":{"0":"post-768","1":"product","2":"type-product","3":"status-publish","4":"has-post-thumbnail","6":"product_cat--starters","7":"tm-has-options","9":"first","10":"instock","11":"shipping-taxable","12":"purchasable","13":"product-type-simple"},"_links":{"self":[{"href":"https:\/\/iloveburger.eu\/paris\/wp-json\/wp\/v2\/product\/768","targetHints":{"allow":["GET"]}}],"collection":[{"href":"https:\/\/iloveburger.eu\/paris\/wp-json\/wp\/v2\/product"}],"about":[{"href":"https:\/\/iloveburger.eu\/paris\/wp-json\/wp\/v2\/types\/product"}],"wp:featuredmedia":[{"embeddable":true,"href":"https:\/\/iloveburger.eu\/paris\/wp-json\/wp\/v2\/media\/958"}],"wp:attachment":[{"href":"https:\/\/iloveburger.eu\/paris\/wp-json\/wp\/v2\/media?parent=768"}],"wp:term":[{"taxonomy":"product_brand","embeddable":true,"href":"https:\/\/iloveburger.eu\/paris\/wp-json\/wp\/v2\/product_brand?post=768"},{"taxonomy":"product_cat","embeddable":true,"href":"https:\/\/iloveburger.eu\/paris\/wp-json\/wp\/v2\/product_cat?post=768"},{"taxonomy":"product_tag","embeddable":true,"href":"https:\/\/iloveburger.eu\/paris\/wp-json\/wp\/v2\/product_tag?post=768"}],"curies":[{"name":"wp","href":"https:\/\/api.w.org\/{rel}","templated":true}]}}