{"id":776,"date":"2025-07-17T18:29:34","date_gmt":"2025-07-17T16:29:34","guid":{"rendered":"https:\/\/iloveburger.eu\/paris\/?post_type=product&#038;p=776"},"modified":"2026-03-27T08:48:08","modified_gmt":"2026-03-27T07:48:08","slug":"frite-caramel","status":"publish","type":"product","link":"https:\/\/iloveburger.eu\/paris\/produit\/frite-caramel\/","title":{"rendered":"FRITES MAISON CROUSTI LOVE \ud83c\udf5f"},"content":{"rendered":"","protected":false},"excerpt":{"rendered":"<p>Pommes de terre fra\u00eechement coup\u00e9es, fait maison pour faire battre votre c\u0153ur d\u00e8s la premi\u00e8re bouch\u00e9e.<\/p>\n","protected":false},"featured_media":962,"template":"","meta":[],"product_brand":[],"product_cat":[23],"product_tag":[],"class_list":{"0":"post-776","1":"product","2":"type-product","3":"status-publish","4":"has-post-thumbnail","6":"product_cat--accompagnements","7":"tm-has-options","9":"first","10":"instock","11":"shipping-taxable","12":"purchasable","13":"product-type-simple"},"_links":{"self":[{"href":"https:\/\/iloveburger.eu\/paris\/wp-json\/wp\/v2\/product\/776","targetHints":{"allow":["GET"]}}],"collection":[{"href":"https:\/\/iloveburger.eu\/paris\/wp-json\/wp\/v2\/product"}],"about":[{"href":"https:\/\/iloveburger.eu\/paris\/wp-json\/wp\/v2\/types\/product"}],"wp:featuredmedia":[{"embeddable":true,"href":"https:\/\/iloveburger.eu\/paris\/wp-json\/wp\/v2\/media\/962"}],"wp:attachment":[{"href":"https:\/\/iloveburger.eu\/paris\/wp-json\/wp\/v2\/media?parent=776"}],"wp:term":[{"taxonomy":"product_brand","embeddable":true,"href":"https:\/\/iloveburger.eu\/paris\/wp-json\/wp\/v2\/product_brand?post=776"},{"taxonomy":"product_cat","embeddable":true,"href":"https:\/\/iloveburger.eu\/paris\/wp-json\/wp\/v2\/product_cat?post=776"},{"taxonomy":"product_tag","embeddable":true,"href":"https:\/\/iloveburger.eu\/paris\/wp-json\/wp\/v2\/product_tag?post=776"}],"curies":[{"name":"wp","href":"https:\/\/api.w.org\/{rel}","templated":true}]}}