{"id":778,"date":"2025-07-17T18:31:23","date_gmt":"2025-07-17T16:31:23","guid":{"rendered":"https:\/\/iloveburger.eu\/paris\/?post_type=product&#038;p=778"},"modified":"2026-01-28T15:10:22","modified_gmt":"2026-01-28T14:10:22","slug":"french-fries-nappage-cheddar","status":"publish","type":"product","link":"https:\/\/iloveburger.eu\/paris\/produit\/french-fries-nappage-cheddar\/","title":{"rendered":"FRITES TRUFFE \ud83c\udf1f"},"content":{"rendered":"","protected":false},"excerpt":{"rendered":"<p>Frites croustillantes, mayonnaise truff\u00e9e, parmesan r\u00e2p\u00e9 \u00e9l\u00e9gance nocturne, parfum luxueux, pour un moment d\u2019extase gastronomique.<\/p>\n","protected":false},"featured_media":963,"template":"","meta":[],"product_brand":[],"product_cat":[23],"product_tag":[],"class_list":{"0":"post-778","1":"product","2":"type-product","3":"status-publish","4":"has-post-thumbnail","6":"product_cat--accompagnements","7":"tm-has-options","9":"first","10":"instock","11":"shipping-taxable","12":"purchasable","13":"product-type-simple"},"_links":{"self":[{"href":"https:\/\/iloveburger.eu\/paris\/wp-json\/wp\/v2\/product\/778","targetHints":{"allow":["GET"]}}],"collection":[{"href":"https:\/\/iloveburger.eu\/paris\/wp-json\/wp\/v2\/product"}],"about":[{"href":"https:\/\/iloveburger.eu\/paris\/wp-json\/wp\/v2\/types\/product"}],"wp:featuredmedia":[{"embeddable":true,"href":"https:\/\/iloveburger.eu\/paris\/wp-json\/wp\/v2\/media\/963"}],"wp:attachment":[{"href":"https:\/\/iloveburger.eu\/paris\/wp-json\/wp\/v2\/media?parent=778"}],"wp:term":[{"taxonomy":"product_brand","embeddable":true,"href":"https:\/\/iloveburger.eu\/paris\/wp-json\/wp\/v2\/product_brand?post=778"},{"taxonomy":"product_cat","embeddable":true,"href":"https:\/\/iloveburger.eu\/paris\/wp-json\/wp\/v2\/product_cat?post=778"},{"taxonomy":"product_tag","embeddable":true,"href":"https:\/\/iloveburger.eu\/paris\/wp-json\/wp\/v2\/product_tag?post=778"}],"curies":[{"name":"wp","href":"https:\/\/api.w.org\/{rel}","templated":true}]}}