{"id":780,"date":"2025-07-17T18:32:14","date_gmt":"2025-07-17T16:32:14","guid":{"rendered":"https:\/\/iloveburger.eu\/paris\/?post_type=product&#038;p=780"},"modified":"2026-01-28T15:22:52","modified_gmt":"2026-01-28T14:22:52","slug":"french-fries-et-oeuf","status":"publish","type":"product","link":"https:\/\/iloveburger.eu\/paris\/produit\/french-fries-et-oeuf\/","title":{"rendered":"FRITES CHEDDAR BACON \ud83e\udd53"},"content":{"rendered":"","protected":false},"excerpt":{"rendered":"<p>Frites dor\u00e9es, cheddar fondant, bacon grill\u00e9. Notes fum\u00e9es, textures fondantes, pour une danse gourmande en bouche.<\/p>\n","protected":false},"featured_media":964,"template":"","meta":[],"product_brand":[],"product_cat":[23],"product_tag":[],"class_list":{"0":"post-780","1":"product","2":"type-product","3":"status-publish","4":"has-post-thumbnail","6":"product_cat--accompagnements","7":"tm-has-options","9":"first","10":"instock","11":"shipping-taxable","12":"purchasable","13":"product-type-simple"},"_links":{"self":[{"href":"https:\/\/iloveburger.eu\/paris\/wp-json\/wp\/v2\/product\/780","targetHints":{"allow":["GET"]}}],"collection":[{"href":"https:\/\/iloveburger.eu\/paris\/wp-json\/wp\/v2\/product"}],"about":[{"href":"https:\/\/iloveburger.eu\/paris\/wp-json\/wp\/v2\/types\/product"}],"wp:featuredmedia":[{"embeddable":true,"href":"https:\/\/iloveburger.eu\/paris\/wp-json\/wp\/v2\/media\/964"}],"wp:attachment":[{"href":"https:\/\/iloveburger.eu\/paris\/wp-json\/wp\/v2\/media?parent=780"}],"wp:term":[{"taxonomy":"product_brand","embeddable":true,"href":"https:\/\/iloveburger.eu\/paris\/wp-json\/wp\/v2\/product_brand?post=780"},{"taxonomy":"product_cat","embeddable":true,"href":"https:\/\/iloveburger.eu\/paris\/wp-json\/wp\/v2\/product_cat?post=780"},{"taxonomy":"product_tag","embeddable":true,"href":"https:\/\/iloveburger.eu\/paris\/wp-json\/wp\/v2\/product_tag?post=780"}],"curies":[{"name":"wp","href":"https:\/\/api.w.org\/{rel}","templated":true}]}}